{"id":1183,"date":"2024-09-26T02:27:23","date_gmt":"2024-09-26T02:27:23","guid":{"rendered":"https:\/\/nietolawyers.com\/?page_id=1183"},"modified":"2024-10-04T06:09:01","modified_gmt":"2024-10-04T06:09:01","slug":"blog","status":"publish","type":"page","link":"https:\/\/nietolawyersregulatorioysanitario.com\/en\/blog\/","title":{"rendered":"Blog"},"content":{"rendered":"\t\t<div data-elementor-type=\"wp-page\" data-elementor-id=\"1183\" class=\"elementor elementor-1183\" data-elementor-post-type=\"page\">\n\t\t\t\t\t\t<section class=\"elementor-section elementor-top-section elementor-element elementor-element-67091e6 elementor-section-boxed elementor-section-height-default elementor-section-height-default\" data-id=\"67091e6\" data-element_type=\"section\" data-e-type=\"section\">\n\t\t\t\t\t\t<div class=\"elementor-container elementor-column-gap-default\">\n\t\t\t\t\t<div class=\"elementor-column elementor-col-100 elementor-top-column elementor-element elementor-element-45b62c7\" data-id=\"45b62c7\" data-element_type=\"column\" data-e-type=\"column\">\n\t\t\t<div class=\"elementor-widget-wrap elementor-element-populated\">\n\t\t\t\t\t\t<div class=\"elementor-element elementor-element-ef2ac8a elementor-widget elementor-widget-ucaddon_post_blocks\" data-id=\"ef2ac8a\" data-element_type=\"widget\" data-e-type=\"widget\" data-widget_type=\"ucaddon_post_blocks.default\">\n\t\t\t\t<div class=\"elementor-widget-container\">\n\t\t\t\t\t\n<!-- start Post Blocks -->\n\t\t<link id='font-awesome-css' href='https:\/\/nietolawyersregulatorioysanitario.com\/en\/wp-content\/plugins\/unlimited-elements-for-elementor\/assets_libraries\/font-awesome6\/fontawesome-all.min.css' type='text\/css' rel='stylesheet' >\n\t\t<link id='font-awesome-4-shim-css' href='https:\/\/nietolawyersregulatorioysanitario.com\/en\/wp-content\/plugins\/unlimited-elements-for-elementor\/assets_libraries\/font-awesome6\/fontawesome-v4-shims.min.css' type='text\/css' rel='stylesheet' >\n\n<style>\/* widget: Post Blocks *\/\n\n\n\n#uc_post_blocks_elementor_ef2ac8a {\n    display:grid;\n}\n#uc_post_blocks_elementor_ef2ac8a .ue_post_blocks_box\n{\n  overflow:hidden;\n}\n\n#uc_post_blocks_elementor_ef2ac8a .ue_post_blocks_image\n{\n  overflow:hidden;\n}\n#uc_post_blocks_elementor_ef2ac8a .ue_post_blocks_image img\n{\n  width:100%;\n  display:block;\n}\n#uc_post_blocks_elementor_ef2ac8a .ue_post_blocks_link a\n{\n  display:inline-block;\n  text-decoration:none;\n  text-align:center;\n}\n\n\n#uc_post_blocks_elementor_ef2ac8a .ue-grid-item-meta-data\n{\n  display:inlin-flex;\n  flex-wrap: wrap;\n}\n\n.ue-grid-item-meta-data\n{\n  font-size:12px;\n}\n\n#uc_post_blocks_elementor_ef2ac8a .ue-grid-item-meta-data-icon\n{\n  line-height:1em;\n}\n\n#uc_post_blocks_elementor_ef2ac8a .ue-grid-item-meta-data-icon svg\n{\n  width:1em;\n  height:1em;\n}\n\n#uc_post_blocks_elementor_ef2ac8a .ue_post_blocks_box{\n  display: flex;\n  flex-direction: column;\n}\n#uc_post_blocks_elementor_ef2ac8a .ue_post_blocks_content{\n display: flex; flex-grow: 1;\n flex-direction: column;\n}\n#uc_post_blocks_elementor_ef2ac8a .ue_post_blocks_link{ margin-top: auto;\n}\n\n.ue-grid-item-category a\n{\n  display:inline-block;\n  font-size:10px;\n  text-transform:uppercase;\n}\n\n\n\n\n<\/style>\n\n<div id=\"uc_post_blocks_elementor_ef2ac8a\" class=\"ue_post_blocks uc-items-wrapper \" >\n    <div class=\"ue_post_blocks_box\">\n    <div class=\"ue_post_blocks_image\">\n    <a href=\"https:\/\/nietolawyersregulatorioysanitario.com\/en\/actualidad\/invima-sanitary-registration-for-food-products-in-colombia\/\" style=\"display:block;\"><img loading=\"lazy\" decoding=\"async\" src=\"https:\/\/nietolawyersregulatorioysanitario.com\/en\/wp-content\/uploads\/2026\/02\/Lucid_Origin_A_cinematic_highquality_editorial_photograph_insi_0-768x435.jpg\"  src=\"https:\/\/nietolawyersregulatorioysanitario.com\/en\/wp-content\/uploads\/2026\/02\/Lucid_Origin_A_cinematic_highquality_editorial_photograph_insi_0-768x435.jpg\" alt=\"Lucid_Origin_A_cinematic_highquality_editorial_photograph_insi_0\" width=\"768\" height=\"435\"><\/a>\n  <\/div>\n    <div class=\"ue_post_blocks_content\">\n      \n     <div class=\"ue-grid-item-category\"><\/div>\n         \n    <div class=\"ue_post_blocks_title\"><a href=\"https:\/\/nietolawyersregulatorioysanitario.com\/en\/actualidad\/invima-sanitary-registration-for-food-products-in-colombia\/\">INVIMA Sanitary Registration for Food Products in Colombia\u00a0<\/a><\/div>    \n        \n    \n    <div class=\"ue_post_blocks_text\">INVIMA sanitary registration for food products in Colombia is mandatory to import, distribute, and sell...<\/div>        \t<div class=\"ue_post_blocks_link\">\n          <a class=\" \" href='https:\/\/nietolawyersregulatorioysanitario.com\/en\/actualidad\/invima-sanitary-registration-for-food-products-in-colombia\/'>Ver m\u00e1s<\/a>\n    \t<\/div>\n      <\/div>\n<\/div>\n<div class=\"ue_post_blocks_box\">\n    <div class=\"ue_post_blocks_image\">\n    <a href=\"https:\/\/nietolawyersregulatorioysanitario.com\/en\/actualidad\/data-protection-in-colombia-a-guarantee-for-pharmaceutical-innovation\/\" style=\"display:block;\"><img loading=\"lazy\" decoding=\"async\" src=\"https:\/\/nietolawyersregulatorioysanitario.com\/en\/wp-content\/uploads\/2025\/09\/EN-14-portada-768x435.jpg\"  src=\"https:\/\/nietolawyersregulatorioysanitario.com\/en\/wp-content\/uploads\/2025\/09\/EN-14-portada-768x435.jpg\" alt=\"EN 14 portada\" width=\"768\" height=\"435\"><\/a>\n  <\/div>\n    <div class=\"ue_post_blocks_content\">\n      \n     <div class=\"ue-grid-item-category\"><\/div>\n         \n    <div class=\"ue_post_blocks_title\"><a href=\"https:\/\/nietolawyersregulatorioysanitario.com\/en\/actualidad\/data-protection-in-colombia-a-guarantee-for-pharmaceutical-innovation\/\">Data Protection in Colombia: A Guarantee for Pharmaceutical Innovation<\/a><\/div>    \n        \n    \n    <div class=\"ue_post_blocks_text\">Test data protection in Colombia is a key issue for the pharmaceutical sector and for any laboratory...<\/div>        \t<div class=\"ue_post_blocks_link\">\n          <a class=\" \" href='https:\/\/nietolawyersregulatorioysanitario.com\/en\/actualidad\/data-protection-in-colombia-a-guarantee-for-pharmaceutical-innovation\/'>Ver m\u00e1s<\/a>\n    \t<\/div>\n      <\/div>\n<\/div>\n<div class=\"ue_post_blocks_box\">\n    <div class=\"ue_post_blocks_image\">\n    <a href=\"https:\/\/nietolawyersregulatorioysanitario.com\/en\/actualidad\/limits-to-pharmaceutical-patents-in-colombia-the-bolar-exemption\/\" style=\"display:block;\"><img loading=\"lazy\" decoding=\"async\" src=\"https:\/\/nietolawyersregulatorioysanitario.com\/en\/wp-content\/uploads\/2025\/09\/EN-24-portada-768x435.jpg\"  src=\"https:\/\/nietolawyersregulatorioysanitario.com\/en\/wp-content\/uploads\/2025\/09\/EN-24-portada-768x435.jpg\" alt=\"EN 24 portada\" width=\"768\" height=\"435\"><\/a>\n  <\/div>\n    <div class=\"ue_post_blocks_content\">\n      \n     <div class=\"ue-grid-item-category\"><\/div>\n         \n    <div class=\"ue_post_blocks_title\"><a href=\"https:\/\/nietolawyersregulatorioysanitario.com\/en\/actualidad\/limits-to-pharmaceutical-patents-in-colombia-the-bolar-exemption\/\">Limits to pharmaceutical patents in Colombia: The bolar exemption<\/a><\/div>    \n        \n    \n    <div class=\"ue_post_blocks_text\">What is a pharmaceutical patent in Colombia?\n\n\n\n\n\nA pharmaceutical patent is an exclusive right granted...<\/div>        \t<div class=\"ue_post_blocks_link\">\n          <a class=\" \" href='https:\/\/nietolawyersregulatorioysanitario.com\/en\/actualidad\/limits-to-pharmaceutical-patents-in-colombia-the-bolar-exemption\/'>Ver m\u00e1s<\/a>\n    \t<\/div>\n      <\/div>\n<\/div>\n<div class=\"ue_post_blocks_box\">\n    <div class=\"ue_post_blocks_image\">\n    <a href=\"https:\/\/nietolawyersregulatorioysanitario.com\/en\/actualidad\/technical-and-regulatory-translations-in-colombia-a-legal-requirement-to-market-your-products\/\" style=\"display:block;\"><img loading=\"lazy\" decoding=\"async\" src=\"https:\/\/nietolawyersregulatorioysanitario.com\/en\/wp-content\/uploads\/2025\/09\/EN-10-portada-768x435.jpg\"  src=\"https:\/\/nietolawyersregulatorioysanitario.com\/en\/wp-content\/uploads\/2025\/09\/EN-10-portada-768x435.jpg\" alt=\"EN 10 portada\" width=\"768\" height=\"435\"><\/a>\n  <\/div>\n    <div class=\"ue_post_blocks_content\">\n      \n     <div class=\"ue-grid-item-category\"><\/div>\n         \n    <div class=\"ue_post_blocks_title\"><a href=\"https:\/\/nietolawyersregulatorioysanitario.com\/en\/actualidad\/technical-and-regulatory-translations-in-colombia-a-legal-requirement-to-market-your-products\/\">Technical and Regulatory Translations in Colombia: A Legal Requirement to Market Your Products<\/a><\/div>    \n        \n    \n    <div class=\"ue_post_blocks_text\">In Colombia, the submission of technical, scientific, and commercial documentation to health and regulatory...<\/div>        \t<div class=\"ue_post_blocks_link\">\n          <a class=\" \" href='https:\/\/nietolawyersregulatorioysanitario.com\/en\/actualidad\/technical-and-regulatory-translations-in-colombia-a-legal-requirement-to-market-your-products\/'>Ver m\u00e1s<\/a>\n    \t<\/div>\n      <\/div>\n<\/div>\n<div class=\"ue_post_blocks_box\">\n    <div class=\"ue_post_blocks_image\">\n    <a href=\"https:\/\/nietolawyersregulatorioysanitario.com\/en\/actualidad\/does-your-company-import-manufacture-or-distribute-class-iii-iib-medical-devices-in-colombia\/\" style=\"display:block;\"><img loading=\"lazy\" decoding=\"async\" src=\"https:\/\/nietolawyersregulatorioysanitario.com\/en\/wp-content\/uploads\/2025\/07\/Firefly_Medical-technician-in-a-lab-coat-and-gloves-inspecting-a-barcode-on-medical-device-pa-279374-768x439.jpg\"  src=\"https:\/\/nietolawyersregulatorioysanitario.com\/en\/wp-content\/uploads\/2025\/07\/Firefly_Medical-technician-in-a-lab-coat-and-gloves-inspecting-a-barcode-on-medical-device-pa-279374-768x439.jpg\" alt=\"Firefly_Medical technician in a lab coat and gloves inspecting a barcode on medical device pa 279374\" width=\"768\" height=\"439\"><\/a>\n  <\/div>\n    <div class=\"ue_post_blocks_content\">\n      \n     <div class=\"ue-grid-item-category\"><\/div>\n         \n    <div class=\"ue_post_blocks_title\"><a href=\"https:\/\/nietolawyersregulatorioysanitario.com\/en\/actualidad\/does-your-company-import-manufacture-or-distribute-class-iii-iib-medical-devices-in-colombia\/\">Does your company import, manufacture, or distribute Class III\u2013IIb medical devices in Colombia?<\/a><\/div>    \n        \n    \n    <div class=\"ue_post_blocks_text\">Since 2024, INVIMA has required full compliance with the semantic standard for these products \u2014 yet over...<\/div>        \t<div class=\"ue_post_blocks_link\">\n          <a class=\" \" href='https:\/\/nietolawyersregulatorioysanitario.com\/en\/actualidad\/does-your-company-import-manufacture-or-distribute-class-iii-iib-medical-devices-in-colombia\/'>Ver m\u00e1s<\/a>\n    \t<\/div>\n      <\/div>\n<\/div>\n\n<\/div>\n<!-- end Post Blocks -->\t\t\t\t<\/div>\n\t\t\t\t<\/div>\n\t\t\t\t\t<\/div>\n\t\t<\/div>\n\t\t\t\t\t<\/div>\n\t\t<\/section>\n\t\t\t\t<\/div>\n\t\t","protected":false},"excerpt":{"rendered":"<p>El desequilibrio econ\u00f3mico del contrato con ocasi\u00f3n del riesgo aparentemente previsible El Estado\u202fcolombiano vela por el inter\u00e9s general de la poblaci\u00f3n y el cumplimiento de los fines estatales,&#8230; Ver m\u00e1s El caso Uber y su importancia para el derecho de la competencia y la industria de tecnolog\u00eda e innovaci\u00f3n El 10 de octubre de 2023 [&hellip;]<\/p>\n","protected":false},"author":2,"featured_media":0,"parent":0,"menu_order":0,"comment_status":"closed","ping_status":"closed","template":"","meta":{"footnotes":""},"class_list":["post-1183","page","type-page","status-publish","hentry"],"yoast_head":"<!-- This site is optimized with the Yoast SEO plugin v27.4 - https:\/\/yoast.com\/product\/yoast-seo-wordpress\/ -->\n<title>Blog - Nieto &amp; Nieto Lawyers<\/title>\n<meta name=\"robots\" content=\"index, follow, max-snippet:-1, max-image-preview:large, max-video-preview:-1\" \/>\n<link rel=\"canonical\" href=\"https:\/\/nietolawyersregulatorioysanitario.com\/en\/blog\/\" \/>\n<meta property=\"og:locale\" content=\"en_US\" \/>\n<meta property=\"og:type\" content=\"article\" \/>\n<meta property=\"og:title\" content=\"Blog - Nieto &amp; Nieto Lawyers\" \/>\n<meta property=\"og:description\" content=\"El desequilibrio econ\u00f3mico del contrato con ocasi\u00f3n del riesgo aparentemente previsible El Estado\u202fcolombiano vela por el inter\u00e9s general de la poblaci\u00f3n y el cumplimiento de los fines estatales,&#8230; Ver m\u00e1s El caso Uber y su importancia para el derecho de la competencia y la industria de tecnolog\u00eda e innovaci\u00f3n El 10 de octubre de 2023 [&hellip;]\" \/>\n<meta property=\"og:url\" content=\"https:\/\/nietolawyersregulatorioysanitario.com\/en\/blog\/\" \/>\n<meta property=\"og:site_name\" content=\"Nieto &amp; Nieto Lawyers\" \/>\n<meta property=\"article:publisher\" content=\"https:\/\/www.facebook.com\/NietoLawyers\/\" \/>\n<meta property=\"article:modified_time\" content=\"2024-10-04T06:09:01+00:00\" \/>\n<meta property=\"og:image\" content=\"http:\/\/nietolawyersregulatorioysanitario.com\/wp-content\/uploads\/2024\/04\/imagen_2024-04-09_131658509-768x513.png\" \/>\n<meta name=\"twitter:card\" content=\"summary_large_image\" \/>\n<meta name=\"twitter:label1\" content=\"Est. reading time\" \/>\n\t<meta name=\"twitter:data1\" content=\"3 minutes\" \/>\n<script type=\"application\/ld+json\" class=\"yoast-schema-graph\">{\"@context\":\"https:\\\/\\\/schema.org\",\"@graph\":[{\"@type\":\"WebPage\",\"@id\":\"https:\\\/\\\/nietolawyersregulatorioysanitario.com\\\/en\\\/blog\\\/\",\"url\":\"https:\\\/\\\/nietolawyersregulatorioysanitario.com\\\/en\\\/blog\\\/\",\"name\":\"Blog - Nieto &amp; Nieto Lawyers\",\"isPartOf\":{\"@id\":\"https:\\\/\\\/nietolawyersregulatorioysanitario.com\\\/en\\\/#website\"},\"primaryImageOfPage\":{\"@id\":\"https:\\\/\\\/nietolawyersregulatorioysanitario.com\\\/en\\\/blog\\\/#primaryimage\"},\"image\":{\"@id\":\"https:\\\/\\\/nietolawyersregulatorioysanitario.com\\\/en\\\/blog\\\/#primaryimage\"},\"thumbnailUrl\":\"http:\\\/\\\/nietolawyersregulatorioysanitario.com\\\/wp-content\\\/uploads\\\/2024\\\/04\\\/imagen_2024-04-09_131658509-768x513.png\",\"datePublished\":\"2024-09-26T02:27:23+00:00\",\"dateModified\":\"2024-10-04T06:09:01+00:00\",\"breadcrumb\":{\"@id\":\"https:\\\/\\\/nietolawyersregulatorioysanitario.com\\\/en\\\/blog\\\/#breadcrumb\"},\"inLanguage\":\"en-US\",\"potentialAction\":[{\"@type\":\"ReadAction\",\"target\":[\"https:\\\/\\\/nietolawyersregulatorioysanitario.com\\\/en\\\/blog\\\/\"]}]},{\"@type\":\"ImageObject\",\"inLanguage\":\"en-US\",\"@id\":\"https:\\\/\\\/nietolawyersregulatorioysanitario.com\\\/en\\\/blog\\\/#primaryimage\",\"url\":\"http:\\\/\\\/nietolawyersregulatorioysanitario.com\\\/wp-content\\\/uploads\\\/2024\\\/04\\\/imagen_2024-04-09_131658509-768x513.png\",\"contentUrl\":\"http:\\\/\\\/nietolawyersregulatorioysanitario.com\\\/wp-content\\\/uploads\\\/2024\\\/04\\\/imagen_2024-04-09_131658509-768x513.png\"},{\"@type\":\"BreadcrumbList\",\"@id\":\"https:\\\/\\\/nietolawyersregulatorioysanitario.com\\\/en\\\/blog\\\/#breadcrumb\",\"itemListElement\":[{\"@type\":\"ListItem\",\"position\":1,\"name\":\"Home\",\"item\":\"https:\\\/\\\/nietolawyersregulatorioysanitario.com\\\/en\\\/\"},{\"@type\":\"ListItem\",\"position\":2,\"name\":\"Blog\"}]},{\"@type\":\"WebSite\",\"@id\":\"https:\\\/\\\/nietolawyersregulatorioysanitario.com\\\/en\\\/#website\",\"url\":\"https:\\\/\\\/nietolawyersregulatorioysanitario.com\\\/en\\\/\",\"name\":\"Nieto & Nieto Lawyers: Regulatorio y Sanitario\",\"description\":\"Nieto &amp; Nieto Lawyers\",\"publisher\":{\"@id\":\"https:\\\/\\\/nietolawyersregulatorioysanitario.com\\\/en\\\/#organization\"},\"potentialAction\":[{\"@type\":\"SearchAction\",\"target\":{\"@type\":\"EntryPoint\",\"urlTemplate\":\"https:\\\/\\\/nietolawyersregulatorioysanitario.com\\\/en\\\/?s={search_term_string}\"},\"query-input\":{\"@type\":\"PropertyValueSpecification\",\"valueRequired\":true,\"valueName\":\"search_term_string\"}}],\"inLanguage\":\"en-US\"},{\"@type\":\"Organization\",\"@id\":\"https:\\\/\\\/nietolawyersregulatorioysanitario.com\\\/en\\\/#organization\",\"name\":\"Nieto & Nieto Lawyers: Regulatorio y Sanitario\",\"url\":\"https:\\\/\\\/nietolawyersregulatorioysanitario.com\\\/en\\\/\",\"logo\":{\"@type\":\"ImageObject\",\"inLanguage\":\"en-US\",\"@id\":\"https:\\\/\\\/nietolawyersregulatorioysanitario.com\\\/en\\\/#\\\/schema\\\/logo\\\/image\\\/\",\"url\":\"https:\\\/\\\/nietolawyersregulatorioysanitario.com\\\/en\\\/wp-content\\\/uploads\\\/2023\\\/07\\\/TESTNN.png\",\"contentUrl\":\"https:\\\/\\\/nietolawyersregulatorioysanitario.com\\\/en\\\/wp-content\\\/uploads\\\/2023\\\/07\\\/TESTNN.png\",\"width\":461,\"height\":119,\"caption\":\"Nieto & Nieto Lawyers: Regulatorio y Sanitario\"},\"image\":{\"@id\":\"https:\\\/\\\/nietolawyersregulatorioysanitario.com\\\/en\\\/#\\\/schema\\\/logo\\\/image\\\/\"},\"sameAs\":[\"https:\\\/\\\/www.facebook.com\\\/NietoLawyers\\\/\"]}]}<\/script>\n<!-- \/ Yoast SEO plugin. -->","yoast_head_json":{"title":"Blog - Nieto &amp; Nieto Lawyers","robots":{"index":"index","follow":"follow","max-snippet":"max-snippet:-1","max-image-preview":"max-image-preview:large","max-video-preview":"max-video-preview:-1"},"canonical":"https:\/\/nietolawyersregulatorioysanitario.com\/en\/blog\/","og_locale":"en_US","og_type":"article","og_title":"Blog - Nieto &amp; Nieto Lawyers","og_description":"El desequilibrio econ\u00f3mico del contrato con ocasi\u00f3n del riesgo aparentemente previsible El Estado\u202fcolombiano vela por el inter\u00e9s general de la poblaci\u00f3n y el cumplimiento de los fines estatales,&#8230; Ver m\u00e1s El caso Uber y su importancia para el derecho de la competencia y la industria de tecnolog\u00eda e innovaci\u00f3n El 10 de octubre de 2023 [&hellip;]","og_url":"https:\/\/nietolawyersregulatorioysanitario.com\/en\/blog\/","og_site_name":"Nieto &amp; Nieto Lawyers","article_publisher":"https:\/\/www.facebook.com\/NietoLawyers\/","article_modified_time":"2024-10-04T06:09:01+00:00","og_image":[{"url":"http:\/\/nietolawyersregulatorioysanitario.com\/wp-content\/uploads\/2024\/04\/imagen_2024-04-09_131658509-768x513.png","type":"","width":"","height":""}],"twitter_card":"summary_large_image","twitter_misc":{"Est. reading time":"3 minutes"},"schema":{"@context":"https:\/\/schema.org","@graph":[{"@type":"WebPage","@id":"https:\/\/nietolawyersregulatorioysanitario.com\/en\/blog\/","url":"https:\/\/nietolawyersregulatorioysanitario.com\/en\/blog\/","name":"Blog - Nieto &amp; Nieto Lawyers","isPartOf":{"@id":"https:\/\/nietolawyersregulatorioysanitario.com\/en\/#website"},"primaryImageOfPage":{"@id":"https:\/\/nietolawyersregulatorioysanitario.com\/en\/blog\/#primaryimage"},"image":{"@id":"https:\/\/nietolawyersregulatorioysanitario.com\/en\/blog\/#primaryimage"},"thumbnailUrl":"http:\/\/nietolawyersregulatorioysanitario.com\/wp-content\/uploads\/2024\/04\/imagen_2024-04-09_131658509-768x513.png","datePublished":"2024-09-26T02:27:23+00:00","dateModified":"2024-10-04T06:09:01+00:00","breadcrumb":{"@id":"https:\/\/nietolawyersregulatorioysanitario.com\/en\/blog\/#breadcrumb"},"inLanguage":"en-US","potentialAction":[{"@type":"ReadAction","target":["https:\/\/nietolawyersregulatorioysanitario.com\/en\/blog\/"]}]},{"@type":"ImageObject","inLanguage":"en-US","@id":"https:\/\/nietolawyersregulatorioysanitario.com\/en\/blog\/#primaryimage","url":"http:\/\/nietolawyersregulatorioysanitario.com\/wp-content\/uploads\/2024\/04\/imagen_2024-04-09_131658509-768x513.png","contentUrl":"http:\/\/nietolawyersregulatorioysanitario.com\/wp-content\/uploads\/2024\/04\/imagen_2024-04-09_131658509-768x513.png"},{"@type":"BreadcrumbList","@id":"https:\/\/nietolawyersregulatorioysanitario.com\/en\/blog\/#breadcrumb","itemListElement":[{"@type":"ListItem","position":1,"name":"Home","item":"https:\/\/nietolawyersregulatorioysanitario.com\/en\/"},{"@type":"ListItem","position":2,"name":"Blog"}]},{"@type":"WebSite","@id":"https:\/\/nietolawyersregulatorioysanitario.com\/en\/#website","url":"https:\/\/nietolawyersregulatorioysanitario.com\/en\/","name":"Nieto & Nieto Lawyers: Regulatorio y Sanitario","description":"Nieto &amp; Nieto Lawyers","publisher":{"@id":"https:\/\/nietolawyersregulatorioysanitario.com\/en\/#organization"},"potentialAction":[{"@type":"SearchAction","target":{"@type":"EntryPoint","urlTemplate":"https:\/\/nietolawyersregulatorioysanitario.com\/en\/?s={search_term_string}"},"query-input":{"@type":"PropertyValueSpecification","valueRequired":true,"valueName":"search_term_string"}}],"inLanguage":"en-US"},{"@type":"Organization","@id":"https:\/\/nietolawyersregulatorioysanitario.com\/en\/#organization","name":"Nieto & Nieto Lawyers: Regulatorio y Sanitario","url":"https:\/\/nietolawyersregulatorioysanitario.com\/en\/","logo":{"@type":"ImageObject","inLanguage":"en-US","@id":"https:\/\/nietolawyersregulatorioysanitario.com\/en\/#\/schema\/logo\/image\/","url":"https:\/\/nietolawyersregulatorioysanitario.com\/en\/wp-content\/uploads\/2023\/07\/TESTNN.png","contentUrl":"https:\/\/nietolawyersregulatorioysanitario.com\/en\/wp-content\/uploads\/2023\/07\/TESTNN.png","width":461,"height":119,"caption":"Nieto & Nieto Lawyers: Regulatorio y Sanitario"},"image":{"@id":"https:\/\/nietolawyersregulatorioysanitario.com\/en\/#\/schema\/logo\/image\/"},"sameAs":["https:\/\/www.facebook.com\/NietoLawyers\/"]}]}},"_links":{"self":[{"href":"https:\/\/nietolawyersregulatorioysanitario.com\/en\/wp-json\/wp\/v2\/pages\/1183","targetHints":{"allow":["GET"]}}],"collection":[{"href":"https:\/\/nietolawyersregulatorioysanitario.com\/en\/wp-json\/wp\/v2\/pages"}],"about":[{"href":"https:\/\/nietolawyersregulatorioysanitario.com\/en\/wp-json\/wp\/v2\/types\/page"}],"author":[{"embeddable":true,"href":"https:\/\/nietolawyersregulatorioysanitario.com\/en\/wp-json\/wp\/v2\/users\/2"}],"replies":[{"embeddable":true,"href":"https:\/\/nietolawyersregulatorioysanitario.com\/en\/wp-json\/wp\/v2\/comments?post=1183"}],"version-history":[{"count":13,"href":"https:\/\/nietolawyersregulatorioysanitario.com\/en\/wp-json\/wp\/v2\/pages\/1183\/revisions"}],"predecessor-version":[{"id":1466,"href":"https:\/\/nietolawyersregulatorioysanitario.com\/en\/wp-json\/wp\/v2\/pages\/1183\/revisions\/1466"}],"wp:attachment":[{"href":"https:\/\/nietolawyersregulatorioysanitario.com\/en\/wp-json\/wp\/v2\/media?parent=1183"}],"curies":[{"name":"wp","href":"https:\/\/api.w.org\/{rel}","templated":true}]}}